{"id":8304,"date":"2019-06-04T17:29:10","date_gmt":"2019-06-04T16:29:10","guid":{"rendered":"https:\/\/coleg-gwent-wp.test\/march-2025-college-open-day\/rhadyr-estate-usk\/"},"modified":"2025-08-28T11:29:59","modified_gmt":"2025-08-28T10:29:59","slug":"rhadyr-estate-usk","status":"publish","type":"page","link":"https:\/\/bloom.coleggwent.ac.uk\/cy\/our-college\/facilities\/rhadyr-estate-usk","title":{"rendered":"Yst\u00e2d Rhadyr - Brynbuga"},"content":{"rendered":"<section class=\"masthead bg-yellow bg-pattern-accent bg-pattern-forward block-text-pos\">\n    <div class=\"masthead__inner\">\n        <div class=\"masthead__text fade-in\">\n            <div class=\"block-text accent-yellow\">\n                <div class=\"block-text__body\">\n                    <h1 class=\"display-1\">\n                        <strong>Yst\u00e2d Rhadyr - Brynbuga\n<\/strong>\n                    <\/h1>\n                <\/div>\n            <\/div>\n\n                    <\/div>\n\n            <\/div>\n    <div class=\"masthead__image shape-1\">\n                                    <picture>\n                    <source\n                        sizes=\"100vw\"\n                        srcset=\" https:\/\/bloom.coleggwent.ac.uk\/wp-content\/uploads\/2019\/06\/usk-farm-header-5.jpg 860w\"\n                        media=\"(max-width: 768px)\"\n                    >\n                    <source\n                        sizes=\"100vw\"\n                        srcset=\" https:\/\/bloom.coleggwent.ac.uk\/wp-content\/uploads\/2019\/06\/usk-farm-header-5.jpg 1210w\"\n                    >\n                    <img decoding=\"async\" src=\"https:\/\/bloom.coleggwent.ac.uk\/wp-content\/uploads\/2019\/06\/usk-farm-header-5.jpg\" alt=\"\">\n                <\/picture>\n                        <\/div>\n<\/section>\n\n\n\n<div class=\"intro panel-m\">\n    <div class=\"intro__inner inner\">\n        <div class=\"row justify-content-center\">\n            <div class=\"col-lg-8\">\n                <h2>Fferm Go Iawn. Sgiliau Go Iawn. Dyfodol Go Iawn<\/h2>\n<p class=\"lead text-center fade-in\">Mae yst\u00e2d Rhadyr Coleg Gwent ym Mrynbuga yn yst\u00e2d 296 erw. Mae\u2019n cael ei defnyddio i roi profiad ymarferol o reoli cefn gwlad ac amaethyddiaeth i fyfyrwyr, ac yn eu galluogi i fynd i\u2019r afael \u00e2 systemau masnachol, \u00e2r a da byw. Fel yst\u00e2d weithiol, mae myfyrwyr hefyd yn dysgu am reoli a chadw cofnodion.<\/p>\n            <\/div>\n        <\/div>\n    <\/div>\n<\/div>\n\n\n\n<section class=\"feature-img-text accent-yellow  block-text-pos\">\n    <div class=\"feature-img-text__inner  bg-pattern-secondary bg-pattern-forward\">\n        <div class=\"feature-img-text__image shape-2\">\n            <picture>\n                                    <source\n                        sizes=\"100vw\"\n                        srcset=\"                            https:\/\/bloom.coleggwent.ac.uk\/wp-content\/uploads\/2025\/07\/land-based-scrolling-tabs-mobile.jpg 860w\"\n                        media=\"(max-width: 768px)\"\n                    >\n                                                    <source\n                        sizes=\"100vw\"\n                        srcset=\"https:\/\/bloom.coleggwent.ac.uk\/wp-content\/uploads\/2025\/07\/land-based-scrolling-tabs-desktop.jpg 1018w\">\n                    <img decoding=\"async\" src=\"https:\/\/bloom.coleggwent.ac.uk\/wp-content\/uploads\/2025\/07\/land-based-scrolling-tabs-desktop.jpg\" alt=\"Land-based student stood next to a tractor\">\n                            <\/picture>\n        <\/div>\n\n        \n        <div class=\"feature-img-text__text fade-in\">\n\n            <div class=\"feature-img-text__title\">\n                <div class=\"block-text accent-yellow invert\">\n                    <div class=\"block-text__body\">\n                        <h2 class=\"display-2\">\n                            <strong>\n                                Cynadledda\n                            <\/strong>\n                        <\/h2>\n                    <\/div>\n                <\/div>\n            <\/div>\n\n                            <p>Mae yst\u00e2d Rhadyr yn Brynbuga yw\u2019r lle delfrydol ichi gynnal digwyddiadau a chynadleddau anifeiliaid ac amaethyddol. Drwy ddefnyddio ein fferm weithiol a chanolfan gofal anifeiliaid bychan ar gyfer arddangosiadau, gallwch helpu i ddod ag unrhyw ddigwyddiad yn fyw, yn ogystal \u00e2 chael defnydd lawn o\u2019n hystafelloedd TG ac ystafelloedd cyfarfod ar gyfer mynychwyr.<\/p>\n<p><strong>Am ragor o wybodaeth, ffoniwch\u00a0<a href=\"tel:+441291673974\">01291 673974<\/a>.<\/strong><\/p>\n            \n                    <\/div>\n    <\/div>\n<\/section>\n\n\n\n\n\n<p><\/p>\n\n\n\n<section class=\"cta-button-group panel-m flip\">\n    <div class=\"cta-button-group__inner inner\">\n        <div class=\"cta-button-group__content bg-yellow bg-pattern-accent\">\n            <div class=\"cta-button-group__image shape-2\">\n                                    <picture>\n                        <source\n                            sizes=\"100vw\"\n                            srcset=\" https:\/\/bloom.coleggwent.ac.uk\/wp-content\/uploads\/2025\/07\/animal-care-feature-image-mobile.jpg 860w\"\n                            media=\"(max-width: 768px)\"\n                                >\n                        <source\n                            sizes=\"(min-width: 1512px) 100vw, 1366px\"\n                            srcset=\"                                https:\/\/bloom.coleggwent.ac.uk\/wp-content\/uploads\/2025\/07\/Equine-case-study-testimonial-desktop.jpg 1366w\"\n                                >\n                        <img decoding=\"async\" src=\"https:\/\/bloom.coleggwent.ac.uk\/wp-content\/uploads\/2025\/07\/Equine-case-study-testimonial-desktop.jpg\" alt=\"Equine student with horse at stables\">\n                    <\/picture>\n                            <\/div>\n            <div class=\"cta-button-group__text fade-in\">\n                <div class=\"cta-button-group__title\">\n                    <div class=\"block-text accent-yellow\">\n                        <div class=\"block-text__body\">\n                                                            <h2 class=\"display-2\">\n                                    <strong>Cyrsiau cysylltiedig\n<\/strong>\n                                <\/h2>\n                                                                                <\/div>\n                    <\/div>\n                <\/div>\n                <ul class=\"block-list cta-button-group__list-wrapper list-unstyled\">\n                                                                                                                                    <li>\n                                    <a href=\"https:\/\/bloom.coleggwent.ac.uk\/cy\/study\/subjects\/animal-care-equine-and-land-based\" >Gofal Anifeiliaid, Ceffylau ac Astudiaethau Tir<\/a>\n                                <\/li>\n                                                                                        <\/ul>\n            <\/div>\n        <\/div>\n    <\/div>\n<\/section>","protected":false},"excerpt":{"rendered":"","protected":false},"author":23,"featured_media":10860,"parent":8232,"menu_order":0,"comment_status":"closed","ping_status":"closed","template":"","meta":{"_acf_changed":false,"footnotes":""},"class_list":["post-8304","page","type-page","status-publish","has-post-thumbnail","hentry"],"pp_statuses_selecting_workflow":false,"pp_workflow_action":"current","pp_status_selection":"publish","pp_post_mime_type":"","acf":[],"_links":{"self":[{"href":"https:\/\/bloom.coleggwent.ac.uk\/cy\/wp-json\/wp\/v2\/pages\/8304","targetHints":{"allow":["GET"]}}],"collection":[{"href":"https:\/\/bloom.coleggwent.ac.uk\/cy\/wp-json\/wp\/v2\/pages"}],"about":[{"href":"https:\/\/bloom.coleggwent.ac.uk\/cy\/wp-json\/wp\/v2\/types\/page"}],"author":[{"embeddable":true,"href":"https:\/\/bloom.coleggwent.ac.uk\/cy\/wp-json\/wp\/v2\/users\/23"}],"replies":[{"embeddable":true,"href":"https:\/\/bloom.coleggwent.ac.uk\/cy\/wp-json\/wp\/v2\/comments?post=8304"}],"version-history":[{"count":13,"href":"https:\/\/bloom.coleggwent.ac.uk\/cy\/wp-json\/wp\/v2\/pages\/8304\/revisions"}],"predecessor-version":[{"id":32328,"href":"https:\/\/bloom.coleggwent.ac.uk\/cy\/wp-json\/wp\/v2\/pages\/8304\/revisions\/32328"}],"up":[{"embeddable":true,"href":"https:\/\/bloom.coleggwent.ac.uk\/cy\/wp-json\/wp\/v2\/pages\/8232"}],"wp:featuredmedia":[{"embeddable":true,"href":"https:\/\/bloom.coleggwent.ac.uk\/cy\/wp-json\/wp\/v2\/media\/10860"}],"wp:attachment":[{"href":"https:\/\/bloom.coleggwent.ac.uk\/cy\/wp-json\/wp\/v2\/media?parent=8304"}],"curies":[{"name":"wp","href":"https:\/\/api.w.org\/{rel}","templated":true}]}}